{"id":4293,"date":"2020-10-18T13:28:42","date_gmt":"2020-10-18T11:28:42","guid":{"rendered":"http:\/\/cfecgcirsn.fr\/?page_id=4293"},"modified":"2020-10-18T13:28:42","modified_gmt":"2020-10-18T11:28:42","slug":"la-commission-des-carrieres-2","status":"publish","type":"page","link":"https:\/\/cfecgc-irsn.fr\/index.php\/la-commission-des-carrieres-2\/","title":{"rendered":"La Commission des Carri\u00e8res"},"content":{"rendered":"<p style=\"text-align: justify;\"><img loading=\"lazy\" decoding=\"async\" class=\"aligncenter size-full wp-image-4302\" src=\"http:\/\/cfecgcirsn.fr\/wp-content\/uploads\/CC10.png\" alt=\"\" width=\"432\" height=\"314\" \/>La gestion des carri\u00e8res constitue un \u00e9l\u00e9ment essentiel de la gestion de l\u2019emploi et des comp\u00e9tences. Aussi, les partenaires sociaux ont tenu \u00e0 conserver la Commission des carri\u00e8res lors de la refonte de l\u2019accord d\u2019entreprise en 2015. Cette commission est d\u00e9crite aux articles 5-101 et suivants de l\u2019Accord relatif aux conditions g\u00e9n\u00e9rales d\u2019emploi au sein de l\u2019IRSN.<\/p>\n<p style=\"text-align: justify;\">La Commission des carri\u00e8res\u00a0 comprend :<\/p>\n<ul>\n<li style=\"text-align: justify;\">le pr\u00e9sident, en la personne du directeur des ressources humaines ou son \u00e9quivalent ou repr\u00e9sentant ;<\/li>\n<\/ul>\n<ul>\n<li style=\"text-align: justify;\">9 membres titulaires, ou suppl\u00e9ants rempla\u00e7ant un titulaire, repr\u00e9sentant le personnel, dont au moins la moiti\u00e9 parmi le personnel des ing\u00e9nieurs et cadres. Trois titulaires et trois suppl\u00e9ants sont d\u00e9sign\u00e9s par chaque organisation syndicale repr\u00e9sentative \u00e0 l\u2019IRSN ;<\/li>\n<\/ul>\n<ul>\n<li style=\"text-align: justify;\">des membres d\u00e9sign\u00e9s par l\u2019IRSN, en g\u00e9n\u00e9ral un repr\u00e9sentant de chaque direction. Si la Commission est saisie d\u2019un projet de licenciement non disciplinaire, sa composition est paritaire.<\/li>\n<\/ul>\n<p style=\"text-align: justify;\">La Commission des carri\u00e8res examine les questions int\u00e9ressant la situation individuelle des salari\u00e9s et leur progression professionnelle :<\/p>\n<ul>\n<li style=\"text-align: justify;\">\u00e0 la fin de chaque semestre, une r\u00e9union est consacr\u00e9e \u00e0 l\u2019examen des niveaux de classification et de salaire des nouveaux embauch\u00e9s ainsi qu\u2019\u00e0 l\u2019avancement des d\u00e9butants. A cet effet, les repr\u00e9sentants du personnel rendent un avis sur le dossier d\u2019embauche \u00e9tabli pr\u00e9alablement \u00e0 la r\u00e9daction du contrat de travail ;<\/li>\n<\/ul>\n<ul>\n<li style=\"text-align: justify;\">en automne, une r\u00e9union est consacr\u00e9e \u00e0 l\u2019examen des augmentations individuelles annuelles. La commission examine en particulier la situation des salari\u00e9s dont la performance est jug\u00e9e insuffisante, ceux en but\u00e9e de classification, ainsi que ceux n\u2019ayant pas b\u00e9n\u00e9fici\u00e9 d\u2019une augmentation individuelle de salaire (cumul\u00e9e sur 3 ans) correspondant \u00e0 la valeur m\u00e9diane des augmentations ;<\/li>\n<\/ul>\n<ul>\n<li style=\"text-align: justify;\">en d\u00e9cembre 2020, une r\u00e9union suppl\u00e9mentaire examinera cette ann\u00e9e l\u2019attribution des \u00ab primes objectiv\u00e9es \u00bb pr\u00e9vue lors des n\u00e9gociations annuelles obligatoires (NAO 2020).<\/li>\n<\/ul>\n<p style=\"text-align: justify;\">La Commission des carri\u00e8res peut \u00e9galement \u00e9mettre des observations sur les questions g\u00e9n\u00e9rales concernant la carri\u00e8re des salari\u00e9s, en vue notamment de leur transmission au Comit\u00e9 social et \u00e9conomique.<\/p>\n<p style=\"text-align: justify;\">Lorsque la Commission des carri\u00e8res examine la situation des salari\u00e9s ainsi que leur progression professionnelle, ses membres doivent disposer, au moins un mois avant la r\u00e9union, de tous les \u00e9l\u00e9ments n\u00e9cessaires pour exprimer un avis sur les propositions d\u2019augmentation individuelle de salaire et de promotion. \u00c0 cette fin, la direction communique aux membres de la commission les listes suivantes :<\/p>\n<ul>\n<li>les salari\u00e9s proposables et propos\u00e9s,<\/li>\n<li>les salari\u00e9s ayant r\u00e9alis\u00e9 des mobilit\u00e9s entre directions,<\/li>\n<li>les salari\u00e9s exer\u00e7ant un mandat syndical et ceux mis \u00e0 disposition par leur syndicat.<\/li>\n<\/ul>\n<p style=\"text-align: justify;\">Les membres de la Commission des carri\u00e8res sont soumis \u00e0 une obligation de confidentialit\u00e9.<\/p>\n<p>N\u2019h\u00e9sitez pas \u00e0 contactez nos repr\u00e9sentants qui pourront notamment vous renseigner sur votre situation personnelle :<\/p>\n<ul>\n<li>Yves Brisset (titulaire)<\/li>\n<li>Luc Codron (titulaire<\/li>\n<li>Aur\u00e9lie Vogel (titulaire)<\/li>\n<li>Nicolas Dubourg (suppl\u00e9ant)<\/li>\n<li>Laurence Esteller (suppl\u00e9ante)<\/li>\n<li>Isabelle Gomes (suppl\u00e9ante)<\/li>\n<\/ul>\n<p style=\"text-align: center;\"><strong><span style=\"color: #ff6600;\">_______________________________________<\/span><\/strong><\/p>\n","protected":false},"excerpt":{"rendered":"<p>La gestion des carri\u00e8res constitue un \u00e9l\u00e9ment essentiel de la gestion de l\u2019emploi et des comp\u00e9tences. Aussi, les partenaires sociaux ont tenu \u00e0 conserver la Commission des carri\u00e8res lors de la refonte de l\u2019accord d\u2019entreprise en 2015. Cette commission est d\u00e9crite aux articles 5-101 et suivants de l\u2019Accord relatif aux conditions g\u00e9n\u00e9rales d\u2019emploi au sein [&hellip;]<\/p>\n","protected":false},"author":2,"featured_media":0,"parent":0,"menu_order":0,"comment_status":"closed","ping_status":"closed","template":"","meta":{"footnotes":""},"class_list":["post-4293","page","type-page","status-publish","hentry","entry"],"_links":{"self":[{"href":"https:\/\/cfecgc-irsn.fr\/index.php\/wp-json\/wp\/v2\/pages\/4293","targetHints":{"allow":["GET"]}}],"collection":[{"href":"https:\/\/cfecgc-irsn.fr\/index.php\/wp-json\/wp\/v2\/pages"}],"about":[{"href":"https:\/\/cfecgc-irsn.fr\/index.php\/wp-json\/wp\/v2\/types\/page"}],"author":[{"embeddable":true,"href":"https:\/\/cfecgc-irsn.fr\/index.php\/wp-json\/wp\/v2\/users\/2"}],"replies":[{"embeddable":true,"href":"https:\/\/cfecgc-irsn.fr\/index.php\/wp-json\/wp\/v2\/comments?post=4293"}],"version-history":[{"count":0,"href":"https:\/\/cfecgc-irsn.fr\/index.php\/wp-json\/wp\/v2\/pages\/4293\/revisions"}],"wp:attachment":[{"href":"https:\/\/cfecgc-irsn.fr\/index.php\/wp-json\/wp\/v2\/media?parent=4293"}],"curies":[{"name":"wp","href":"https:\/\/api.w.org\/{rel}","templated":true}]}}