{"id":3598,"date":"2020-01-17T17:51:36","date_gmt":"2020-01-17T15:51:36","guid":{"rendered":"http:\/\/cfecgcirsn.fr\/?page_id=3598"},"modified":"2020-01-17T17:51:36","modified_gmt":"2020-01-17T15:51:36","slug":"les-moyens-des-rp","status":"publish","type":"page","link":"https:\/\/cfecgc-irsn.fr\/index.php\/les-rp-missions-composition-fonctionnement-et-moyens\/les-moyens-des-rp\/","title":{"rendered":"Les  moyens des RP"},"content":{"rendered":"<p style=\"text-align: center;\"><span style=\"color: #ff6600;\">________________________________________<\/span><\/p>\n<p style=\"text-align: justify;\">Le temps pass\u00e9 par les repr\u00e9sentants de proximit\u00e9 aux r\u00e9unions organis\u00e9es par la Direction est consid\u00e9r\u00e9 comme du temps de travail effectif, \u00e0 imputer sur SDIR (R\u00e9union avec la Direction). Les repr\u00e9sentants de proximit\u00e9 b\u00e9n\u00e9ficient en compl\u00e9ment d\u2019un cr\u00e9dit de 6 heures par mois.<\/p>\n<p style=\"text-align: center;\"><img loading=\"lazy\" decoding=\"async\" class=\"aligncenter size-full wp-image-3615\" src=\"http:\/\/cfecgcirsn.fr\/wp-content\/uploads\/chauffeur.png\" alt=\"\" width=\"500\" height=\"248\" \/><\/p>\n<p style=\"text-align: center;\"><span style=\"color: #ff6600;\">________________________________________<\/span><\/p>\n","protected":false},"excerpt":{"rendered":"<p>________________________________________ Le temps pass\u00e9 par les repr\u00e9sentants de proximit\u00e9 aux r\u00e9unions organis\u00e9es par la Direction est consid\u00e9r\u00e9 comme du temps de travail effectif, \u00e0 imputer sur SDIR (R\u00e9union avec la Direction). Les repr\u00e9sentants de proximit\u00e9 b\u00e9n\u00e9ficient en compl\u00e9ment d\u2019un cr\u00e9dit de 6 heures par mois. ________________________________________<\/p>\n","protected":false},"author":2,"featured_media":0,"parent":3576,"menu_order":4,"comment_status":"closed","ping_status":"closed","template":"","meta":{"footnotes":""},"class_list":["post-3598","page","type-page","status-publish","hentry","entry"],"_links":{"self":[{"href":"https:\/\/cfecgc-irsn.fr\/index.php\/wp-json\/wp\/v2\/pages\/3598","targetHints":{"allow":["GET"]}}],"collection":[{"href":"https:\/\/cfecgc-irsn.fr\/index.php\/wp-json\/wp\/v2\/pages"}],"about":[{"href":"https:\/\/cfecgc-irsn.fr\/index.php\/wp-json\/wp\/v2\/types\/page"}],"author":[{"embeddable":true,"href":"https:\/\/cfecgc-irsn.fr\/index.php\/wp-json\/wp\/v2\/users\/2"}],"replies":[{"embeddable":true,"href":"https:\/\/cfecgc-irsn.fr\/index.php\/wp-json\/wp\/v2\/comments?post=3598"}],"version-history":[{"count":0,"href":"https:\/\/cfecgc-irsn.fr\/index.php\/wp-json\/wp\/v2\/pages\/3598\/revisions"}],"up":[{"embeddable":true,"href":"https:\/\/cfecgc-irsn.fr\/index.php\/wp-json\/wp\/v2\/pages\/3576"}],"wp:attachment":[{"href":"https:\/\/cfecgc-irsn.fr\/index.php\/wp-json\/wp\/v2\/media?parent=3598"}],"curies":[{"name":"wp","href":"https:\/\/api.w.org\/{rel}","templated":true}]}}