{"id":3589,"date":"2020-01-17T17:22:42","date_gmt":"2020-01-17T15:22:42","guid":{"rendered":"http:\/\/cfecgcirsn.fr\/?page_id=3589"},"modified":"2020-01-17T17:22:42","modified_gmt":"2020-01-17T15:22:42","slug":"les-missions-des-rp","status":"publish","type":"page","link":"https:\/\/cfecgc-irsn.fr\/index.php\/les-rp-missions-composition-fonctionnement-et-moyens\/les-missions-des-rp\/","title":{"rendered":"Les missions des RP"},"content":{"rendered":"<p style=\"text-align: justify;\"><img loading=\"lazy\" decoding=\"async\" class=\"alignleft size-full wp-image-3600\" src=\"http:\/\/cfecgcirsn.fr\/wp-content\/uploads\/superman.jpg\" alt=\"\" width=\"235\" height=\"185\" \/>Les repr\u00e9sentants de proximit\u00e9 se voient conf\u00e9rer la prise en charge, pour le compte du CSE, de l\u2019examen des r\u00e9clamations individuelles et collectives vis\u00e9es \u00e0 <a href=\"https:\/\/www.legifrance.gouv.fr\/affichCodeArticle.do?idArticle=LEGIARTI000036761990&amp;cidTexte=LEGITEXT000006072050&amp;dateTexte=20180401\" target=\"_blank\" rel=\"noopener noreferrer\">l\u2019article L. 2312-5<\/a> du code du travail par renvoi du dernier alin\u00e9a de l\u2019article <a href=\"https:\/\/www.legifrance.gouv.fr\/affichCodeArticle.do;jsessionid=51E46A28562AD6A43E69F7196DF3960A.tplgfr21s_2?idArticle=LEGIARTI000035650722&amp;cidTexte=LEGITEXT000006072050&amp;categorieLien=id&amp;dateTexte=\" target=\"_blank\" rel=\"noopener noreferrer\">L. 2312-8<\/a> du code pr\u00e9cit\u00e9, relatives aux salaires, \u00e0 l\u2019application du code du travail et des autres dispositions l\u00e9gales concernant la protection sociale, la sant\u00e9, la s\u00e9curit\u00e9 ainsi que celles des conventions et accords collectifs.<\/p>\n<p style=\"text-align: center;\"><span style=\"color: #ff6600;\">________________________________________<\/span><\/p>\n","protected":false},"excerpt":{"rendered":"<p>Les repr\u00e9sentants de proximit\u00e9 se voient conf\u00e9rer la prise en charge, pour le compte du CSE, de l\u2019examen des r\u00e9clamations individuelles et collectives vis\u00e9es \u00e0 l\u2019article L. 2312-5 du code du travail par renvoi du dernier alin\u00e9a de l\u2019article L. 2312-8 du code pr\u00e9cit\u00e9, relatives aux salaires, \u00e0 l\u2019application du code du travail et des [&hellip;]<\/p>\n","protected":false},"author":2,"featured_media":0,"parent":3576,"menu_order":1,"comment_status":"closed","ping_status":"closed","template":"","meta":{"footnotes":""},"class_list":["post-3589","page","type-page","status-publish","hentry","entry"],"_links":{"self":[{"href":"https:\/\/cfecgc-irsn.fr\/index.php\/wp-json\/wp\/v2\/pages\/3589","targetHints":{"allow":["GET"]}}],"collection":[{"href":"https:\/\/cfecgc-irsn.fr\/index.php\/wp-json\/wp\/v2\/pages"}],"about":[{"href":"https:\/\/cfecgc-irsn.fr\/index.php\/wp-json\/wp\/v2\/types\/page"}],"author":[{"embeddable":true,"href":"https:\/\/cfecgc-irsn.fr\/index.php\/wp-json\/wp\/v2\/users\/2"}],"replies":[{"embeddable":true,"href":"https:\/\/cfecgc-irsn.fr\/index.php\/wp-json\/wp\/v2\/comments?post=3589"}],"version-history":[{"count":0,"href":"https:\/\/cfecgc-irsn.fr\/index.php\/wp-json\/wp\/v2\/pages\/3589\/revisions"}],"up":[{"embeddable":true,"href":"https:\/\/cfecgc-irsn.fr\/index.php\/wp-json\/wp\/v2\/pages\/3576"}],"wp:attachment":[{"href":"https:\/\/cfecgc-irsn.fr\/index.php\/wp-json\/wp\/v2\/media?parent=3589"}],"curies":[{"name":"wp","href":"https:\/\/api.w.org\/{rel}","templated":true}]}}