{"id":3475,"date":"2020-01-12T17:42:58","date_gmt":"2020-01-12T16:42:58","guid":{"rendered":"http:\/\/cfecgcirsn.fr\/?page_id=3475"},"modified":"2022-12-08T15:21:50","modified_gmt":"2022-12-08T14:21:50","slug":"la-commission-economique","status":"publish","type":"page","link":"https:\/\/cfecgc-irsn.fr\/index.php\/le-comite-dentreprise\/la-commission-economique\/","title":{"rendered":"La Commission \u00c9conomique"},"content":{"rendered":"<p style=\"text-align: justify;\"><span style=\"color: #0000ff;\"><strong><img loading=\"lazy\" decoding=\"async\" class=\"size-full wp-image-3477 alignleft\" src=\"http:\/\/cfecgcirsn.fr\/wp-content\/uploads\/economique.jpg\" alt=\"\" width=\"256\" height=\"171\" \/><\/strong><\/span>La commission \u00e9conomique est une commission pr\u00e9vue par la loi et obligatoire. Elle est charg\u00e9e notamment d\u2019\u00e9tudier les documents \u00e9conomiques et financiers recueillis par le comit\u00e9 et toute question que ce dernier lui soumet. Elle se r\u00e9unit au moins deux fois par an. Elle peut demander \u00e0 entendre tout cadre sup\u00e9rieur ou dirigeant de l\u2019entreprise apr\u00e8s accord de l\u2019employeur. Elle peut se faire assister par l\u2019expert-comptable qui assiste le CSE et par les experts choisis par le comit\u00e9.<\/p>\n<p>La commission \u00e9conomique est compos\u00e9e de 5 membres issus du CSE, dont un rapporteur qui est obligatoirement membre titulaire du CSE.<\/p>\n<p style=\"text-align: justify;\">Le temps pass\u00e9 en pr\u00e9paration de la commission \u00e9conomique est \u00e0 imputer sur les heures de d\u00e9l\u00e9gation (cr\u00e9dit individuel ou collectif) attribu\u00e9es aux membres du CSE. Le temps pass\u00e9 en r\u00e9union de la commission est consid\u00e9r\u00e9 comme du temps de travail effectif, \u00e0 imputer sur SDIR (R\u00e9union avec Direction).<\/p>\n<p style=\"text-align: justify;\"><em><strong>Pour en savoir plus :<\/strong><\/em><\/p>\n<p style=\"text-align: justify;\"><em><a href=\"http:\/\/cfecgcirsn.fr\/wp-content\/uploads\/accordcse.pdf\" target=\"_blank\" rel=\"noopener noreferrer\">L\u2019accord sur le fonctionnement du CSE<\/a><\/em><br \/>\n<em> <a href=\"https:\/\/travail-emploi.gouv.fr\/dialogue-social\/le-comite-social-et-economique\/article\/cse-fonctionnement-et-moyens-d-actions\" target=\"_blank\" rel=\"noopener noreferrer\">Minist\u00e8re du travail<\/a><\/em><\/p>\n<p style=\"text-align: center;\">________________________________________<\/p>\n","protected":false},"excerpt":{"rendered":"<p>La commission \u00e9conomique est une commission pr\u00e9vue par la loi et obligatoire. Elle est charg\u00e9e notamment d\u2019\u00e9tudier les documents \u00e9conomiques et financiers recueillis par le comit\u00e9 et toute question que ce dernier lui soumet. Elle se r\u00e9unit au moins deux fois par an. Elle peut demander \u00e0 entendre tout cadre sup\u00e9rieur ou dirigeant de l\u2019entreprise [&hellip;]<\/p>\n","protected":false},"author":2,"featured_media":0,"parent":22,"menu_order":3,"comment_status":"closed","ping_status":"closed","template":"","meta":{"footnotes":""},"class_list":["post-3475","page","type-page","status-publish","hentry","entry"],"_links":{"self":[{"href":"https:\/\/cfecgc-irsn.fr\/index.php\/wp-json\/wp\/v2\/pages\/3475","targetHints":{"allow":["GET"]}}],"collection":[{"href":"https:\/\/cfecgc-irsn.fr\/index.php\/wp-json\/wp\/v2\/pages"}],"about":[{"href":"https:\/\/cfecgc-irsn.fr\/index.php\/wp-json\/wp\/v2\/types\/page"}],"author":[{"embeddable":true,"href":"https:\/\/cfecgc-irsn.fr\/index.php\/wp-json\/wp\/v2\/users\/2"}],"replies":[{"embeddable":true,"href":"https:\/\/cfecgc-irsn.fr\/index.php\/wp-json\/wp\/v2\/comments?post=3475"}],"version-history":[{"count":1,"href":"https:\/\/cfecgc-irsn.fr\/index.php\/wp-json\/wp\/v2\/pages\/3475\/revisions"}],"predecessor-version":[{"id":5356,"href":"https:\/\/cfecgc-irsn.fr\/index.php\/wp-json\/wp\/v2\/pages\/3475\/revisions\/5356"}],"up":[{"embeddable":true,"href":"https:\/\/cfecgc-irsn.fr\/index.php\/wp-json\/wp\/v2\/pages\/22"}],"wp:attachment":[{"href":"https:\/\/cfecgc-irsn.fr\/index.php\/wp-json\/wp\/v2\/media?parent=3475"}],"curies":[{"name":"wp","href":"https:\/\/api.w.org\/{rel}","templated":true}]}}