{"id":152,"date":"2011-04-09T19:19:40","date_gmt":"2011-04-09T17:19:40","guid":{"rendered":"http:\/\/a06w0262\/cfe-cgc\/?page_id=152"},"modified":"2023-01-19T15:51:51","modified_gmt":"2023-01-19T14:51:51","slug":"comment-adherer","status":"publish","type":"page","link":"https:\/\/cfecgc-irsn.fr\/index.php\/bienvenue-a-la-cfe-cgc\/comment-adherer\/","title":{"rendered":"Comment adh\u00e9rer"},"content":{"rendered":"\t\t<div data-elementor-type=\"wp-page\" data-elementor-id=\"152\" class=\"elementor elementor-152\">\n\t\t\t\t\t\t\t\t\t<section class=\"elementor-section elementor-top-section elementor-element elementor-element-20ec9ed7 elementor-section-boxed elementor-section-height-default elementor-section-height-default\" data-id=\"20ec9ed7\" data-element_type=\"section\">\n\t\t\t\t\t\t<div class=\"elementor-container elementor-column-gap-default\">\n\t\t\t\t\t<div class=\"elementor-column elementor-col-100 elementor-top-column elementor-element elementor-element-5d18f2ea\" data-id=\"5d18f2ea\" data-element_type=\"column\">\n\t\t\t<div class=\"elementor-widget-wrap elementor-element-populated\">\n\t\t\t\t\t\t\t\t<div class=\"elementor-element elementor-element-50cff272 elementor-widget elementor-widget-text-editor\" data-id=\"50cff272\" data-element_type=\"widget\" data-widget_type=\"text-editor.default\">\n\t\t\t\t<div class=\"elementor-widget-container\">\n\t\t\t<style>\/*! elementor - v3.16.0 - 09-10-2023 *\/\n.elementor-widget-text-editor.elementor-drop-cap-view-stacked .elementor-drop-cap{background-color:#69727d;color:#fff}.elementor-widget-text-editor.elementor-drop-cap-view-framed .elementor-drop-cap{color:#69727d;border:3px solid;background-color:transparent}.elementor-widget-text-editor:not(.elementor-drop-cap-view-default) .elementor-drop-cap{margin-top:8px}.elementor-widget-text-editor:not(.elementor-drop-cap-view-default) .elementor-drop-cap-letter{width:1em;height:1em}.elementor-widget-text-editor .elementor-drop-cap{float:left;text-align:center;line-height:1;font-size:50px}.elementor-widget-text-editor .elementor-drop-cap-letter{display:inline-block}<\/style>\t\t\t\t<p style=\"text-align: justify;\"><a href=\"http:\/\/cfecgcirsn.fr\/\/wp-content\/uploads\/Militant.jpg\"><img loading=\"lazy\" decoding=\"async\" class=\"alignleft size-full wp-image-156\" title=\"Militant\" src=\"http:\/\/cfecgcirsn.fr\/\/wp-content\/uploads\/Militant.jpg\" alt=\"\" width=\"250\" height=\"354\"><\/a>Pour adh\u00e9rer \u00e0 la CFE-CGC, il suffit de prendre contact avec le d\u00e9l\u00e9gu\u00e9 syndical central (DCS), ou bien avec n\u2019importe quel adh\u00e9rent de la CFE-CGE qui saura vous accompagner dans votre d\u00e9marche d\u2019adh\u00e9sion. Sous l&rsquo;onglet \u00ab\u00a0<span style=\"color: #0000ff;\"><strong><a style=\"color: #0000ff;\" href=\"https:\/\/cfecgc-irsn.fr\/index.php\/vos-representants\/\" target=\"_blank\" rel=\"noopener\">Vos repr\u00e9sentants<\/a><\/strong><\/span>\u00a0\u00bb vous trouverez le nom de quelques-uns de nos adh\u00e9rents pr\u00eats \u00e0 vous accueillir.<\/p>\n<p style=\"text-align: justify;\">La proc\u00e9dure est simple : elle consiste apr\u00e8s cette rencontre \u00e0 remplir le&nbsp;<span style=\"color: #0000ff;\"><strong><a style=\"color: #0000ff;\" href=\"https:\/\/cfecgc-irsn.fr\/wp-content\/uploads\/2023\/01\/BULLETIN-dadhesion-au-SICTAM-CFE-CGC-2023.pdf\" target=\"_blank\" rel=\"noopener\">bulletin d\u2019adh\u00e9sion<\/a><\/strong><\/span>. Sur ce bulletin figureront vos coordonn\u00e9es et vos souhaits en mati\u00e8re d\u2019engagement syndical. Bien entendu, ces informations restent confidentielles, notamment si vous ne souhaitez pas que votre adh\u00e9sion soit connue de la hi\u00e9rarchie, la Direction ou les autres salari\u00e9s de l\u2019IRSN.<\/p>\n<p style=\"text-align: justify;\">Votre bulletin sera accompagn\u00e9 du ch\u00e8que ou du virement de votre cotisation pour l\u2019ann\u00e9e en cours.<\/p>\n<p style=\"text-align: justify;\">Peu de temps apr\u00e8s, vous recevrez \u00e0 votre domicile votre carte d\u2019adh\u00e9rent qui vous permettra de b\u00e9n\u00e9ficier de tous les services du syndicat. En fin d\u2019ann\u00e9e, vous recevrez \u00e9galement du syndicat un re\u00e7u de votre cotisation qui vous permettra de d\u00e9duire de votre imp\u00f4t sur le revenu les deux-tiers de cette cotisation annuelle. Plus aucune raison d\u2019h\u00e9siter, alors&#8230;<\/p>\n<p style=\"text-align: center;\"><strong><br>Bienvenue \u00e0 la CFE-CGC !<\/strong><\/p>\t\t\t\t\t\t<\/div>\n\t\t\t\t<\/div>\n\t\t\t\t\t<\/div>\n\t\t<\/div>\n\t\t\t\t\t\t\t<\/div>\n\t\t<\/section>\n\t\t\t\t<section class=\"elementor-section elementor-top-section elementor-element elementor-element-2801d6de elementor-section-boxed elementor-section-height-default elementor-section-height-default\" data-id=\"2801d6de\" data-element_type=\"section\">\n\t\t\t\t\t\t<div class=\"elementor-container elementor-column-gap-default\">\n\t\t\t\t\t<div class=\"elementor-column elementor-col-100 elementor-top-column elementor-element elementor-element-608543af\" data-id=\"608543af\" data-element_type=\"column\">\n\t\t\t<div class=\"elementor-widget-wrap elementor-element-populated\">\n\t\t\t\t\t\t\t\t<div class=\"elementor-element elementor-element-bf36b4 elementor-align-center elementor-widget elementor-widget-button\" data-id=\"bf36b4\" data-element_type=\"widget\" data-widget_type=\"button.default\">\n\t\t\t\t<div class=\"elementor-widget-container\">\n\t\t\t\t\t<div class=\"elementor-button-wrapper\">\n\t\t\t<a class=\"elementor-button elementor-button-link elementor-size-md\" href=\"https:\/\/cfecgc-irsn.fr\/wp-content\/uploads\/2023\/01\/BULLETIN-dadhesion-au-SICTAM-CFE-CGC-2023.pdf\">\n\t\t\t\t\t\t<span class=\"elementor-button-content-wrapper\">\n\t\t\t\t\t\t<span class=\"elementor-button-icon elementor-align-icon-right\">\n\t\t\t\t<i aria-hidden=\"true\" class=\"fas fa-file-pdf\"><\/i>\t\t\t<\/span>\n\t\t\t\t\t\t<span class=\"elementor-button-text\">BULLETIN D'ADHESION<\/span>\n\t\t<\/span>\n\t\t\t\t\t<\/a>\n\t\t<\/div>\n\t\t\t\t<\/div>\n\t\t\t\t<\/div>\n\t\t\t\t\t<\/div>\n\t\t<\/div>\n\t\t\t\t\t\t\t<\/div>\n\t\t<\/section>\n\t\t\t\t\t\t\t<\/div>\n\t\t","protected":false},"excerpt":{"rendered":"<p>Pour adh\u00e9rer \u00e0 la CFE-CGC, il suffit de prendre contact avec le d\u00e9l\u00e9gu\u00e9 syndical central (DCS), ou bien avec n\u2019importe quel adh\u00e9rent de la CFE-CGE qui saura vous accompagner dans votre d\u00e9marche d\u2019adh\u00e9sion. Sous l&rsquo;onglet \u00ab\u00a0Vos repr\u00e9sentants\u00a0\u00bb vous trouverez le nom de quelques-uns de nos adh\u00e9rents pr\u00eats \u00e0 vous accueillir. La proc\u00e9dure est simple : [&hellip;]<\/p>\n","protected":false},"author":2,"featured_media":0,"parent":99,"menu_order":50,"comment_status":"closed","ping_status":"closed","template":"","meta":{"footnotes":""},"class_list":["post-152","page","type-page","status-publish","hentry","entry"],"_links":{"self":[{"href":"https:\/\/cfecgc-irsn.fr\/index.php\/wp-json\/wp\/v2\/pages\/152","targetHints":{"allow":["GET"]}}],"collection":[{"href":"https:\/\/cfecgc-irsn.fr\/index.php\/wp-json\/wp\/v2\/pages"}],"about":[{"href":"https:\/\/cfecgc-irsn.fr\/index.php\/wp-json\/wp\/v2\/types\/page"}],"author":[{"embeddable":true,"href":"https:\/\/cfecgc-irsn.fr\/index.php\/wp-json\/wp\/v2\/users\/2"}],"replies":[{"embeddable":true,"href":"https:\/\/cfecgc-irsn.fr\/index.php\/wp-json\/wp\/v2\/comments?post=152"}],"version-history":[{"count":3,"href":"https:\/\/cfecgc-irsn.fr\/index.php\/wp-json\/wp\/v2\/pages\/152\/revisions"}],"predecessor-version":[{"id":5574,"href":"https:\/\/cfecgc-irsn.fr\/index.php\/wp-json\/wp\/v2\/pages\/152\/revisions\/5574"}],"up":[{"embeddable":true,"href":"https:\/\/cfecgc-irsn.fr\/index.php\/wp-json\/wp\/v2\/pages\/99"}],"wp:attachment":[{"href":"https:\/\/cfecgc-irsn.fr\/index.php\/wp-json\/wp\/v2\/media?parent=152"}],"curies":[{"name":"wp","href":"https:\/\/api.w.org\/{rel}","templated":true}]}}