{"id":106,"date":"2011-04-08T20:14:37","date_gmt":"2011-04-08T20:14:37","guid":{"rendered":"http:\/\/a06w0262\/cfe-cgc\/?page_id=106"},"modified":"2026-02-04T16:04:38","modified_gmt":"2026-02-04T15:04:38","slug":"le-mot-du-president","status":"publish","type":"page","link":"https:\/\/cfecgc-irsn.fr\/index.php\/bienvenue-a-la-cfe-cgc\/le-mot-du-president\/","title":{"rendered":"Le mot du pr\u00e9sident"},"content":{"rendered":"<p style=\"text-align: justify;\">Je vous souhaite la bienvenue sur le site intranet de la section CFE-CGC de l\u2019ASNR. Vous trouverez ici, je l\u2019esp\u00e8re, beaucoup d\u2019informations utiles \u00e0 votre vie professionnelle et \u00e0 la compr\u00e9hension de la marche de l\u2019ASNR.<\/p>\n<p style=\"text-align: justify;\"><a href=\"http:\/\/cfecgcirsn.fr\/\/wp-content\/uploads\/votez.jpg\"><img loading=\"lazy\" decoding=\"async\" class=\"alignleft size-full wp-image-107\" title=\"votez\" src=\"http:\/\/cfecgcirsn.fr\/\/wp-content\/uploads\/votez.jpg\" alt=\"\" width=\"200\" height=\"260\" \/><\/a><\/p>\n<p>Je tiens \u00e0 remercier pour commencer Luc Codron, notre pr\u00e9sident de section depuis plus de vingt ans qui a pris sa retraite bien m\u00e9rit\u00e9e, qui f\u00fbt aussi \u00e0 l\u2019origine de notre section syndicale \u00e0 la cr\u00e9ation de l\u2019IRSN.<\/p>\n<p>La CFE-CGC est apolitique parce qu\u2019elle place l\u2019int\u00e9r\u00eat des salari\u00e9s, des m\u00e9tiers et des missions au-dessus de toute logique partisane. Ind\u00e9pendante de tout parti ou courant politique, elle agit exclusivement sur la base des r\u00e9alit\u00e9s du terrain, de l\u2019expertise professionnelle et du dialogue social.<\/p>\n<p style=\"text-align: justify;\">Notre organisation syndicale est pr\u00e9sente dans toutes les instances repr\u00e9sentatives du personnel de l\u2019ASNR, comme auparavant \u00e0 l\u2019IRSN, qui \u00e9manent du Comit\u00e9 Social et \u00c9conomique (CSE) et de la Formation Conjointe (FC) qui prendront corps dans le futur Comit\u00e9 Social d\u2019Administration (CSA) \u00e0 partir du 1<sup>er<\/sup> avril 2026, sans oublier la Commission des Carri\u00e8res et la Commission de suivi de la Mutuelle, ainsi que les Repr\u00e9sentants de Proximit\u00e9 (RP). Notre repr\u00e9sentativit\u00e9 permet \u00e0 nos \u00e9lus d\u2019\u00eatre inform\u00e9s, en priorit\u00e9 et en d\u00e9tail, sur tous les projets d\u2019importance et dans pratiquement tous les domaines.<\/p>\n<p style=\"text-align: justify;\">Vos \u00e9lus et repr\u00e9sentants interviennent directement aupr\u00e8s de l\u2019Administration, que ce soit lors de ces r\u00e9unions ou lors des r\u00e9unions de n\u00e9gociations (NAO, QVCT, etc.), ou bien, de mani\u00e8re plus informelle, lors d\u2019entretiens avec les repr\u00e9sentants des \u00ab Ressources Humaines \u00bb ou les responsables hi\u00e9rarchiques des Directions. Ils peuvent ainsi d\u00e9fendre les int\u00e9r\u00eats d\u2019un salari\u00e9 qui en fait la demande, et plus g\u00e9n\u00e9ralement de l\u2019ensemble des salari\u00e9s, dans le respect du cadre l\u00e9gal et conventionnel qui s\u2019applique \u00e0 nous.<\/p>\n<p style=\"text-align: left;\">Nous avons tous en t\u00eate les enjeux de l\u2019ann\u00e9e 2026 pour les personnels de l\u2019ASNR, en particulier pour les salari\u00e9s. La vie n\u2019est pas un long fleuve tranquille, la fusion de l\u2019IRSN avec l\u2019ASN non plus. Si l\u2019ann\u00e9e 2025 en f\u00fbt l\u2019ann\u00e9e z\u00e9ro, 2026 en sera l\u2019an Un, avec la cr\u00e9ation du CSA et la n\u00e9gociation de tout le corpus d\u2019accord \u00e0 reconstruire avec l\u2019Administration, ce travail \u00e9tant in\u00e9dit par son ampleur pour les organisations syndicales, et nous comptons sur vous pour faire valoir vos revendications avec la CFE-CGC de l\u2019ASNR.<\/p>\n<p style=\"text-align: justify;\">Un syndicat ne se manifeste pas dans une organisation qu\u2019au travers de ses repr\u00e9sentants du personnel. C\u2019est aussi une entit\u00e9, ind\u00e9pendante de l\u2019organisation qui l\u2019accueille, constitu\u00e9e par ses adh\u00e9rents, mue par ses militants et repr\u00e9sent\u00e9e par ses d\u00e9l\u00e9gu\u00e9s syndicaux qui poss\u00e8dent notamment et sp\u00e9cifiquement le pouvoir de n\u00e9gocier les accords d\u2019entreprise. La d\u00e9fense des salari\u00e9s par les salari\u00e9s ne se con\u00e7oit pas sans l\u2019existence des syndicats en g\u00e9n\u00e9ral et de la CFE-CGC en particulier. Par leurs actions, leur travail ou leur soutien au quotidien, \u00e9lus, militants, repr\u00e9sentants, adh\u00e9rents ou sympathisants de la CFE-CGC participent \u00e0 cette noble et utile t\u00e2che de la d\u00e9fense des int\u00e9r\u00eats des salari\u00e9s. Votre support est essentiel et nous remercions toutes les personnes qui se sont impliqu\u00e9es et qui s\u2019impliquent au sein de la CFE-CGC pour d\u00e9fendre les int\u00e9r\u00eats des salari\u00e9s de l\u2019ASNR. Une nouvelle \u00e9quipe motiv\u00e9e et dynamique se met en place dans votre section CFE-CGC de l\u2019ASNR, rejoignez-la !Mais, le r\u00f4le de nos \u00e9lus ne se limite pas \u00e0 \u00e9couter la bonne parole de la Direction lors de ces r\u00e9unions institutionnelles. Ils interviennent directement aupr\u00e8s de la Direction, que ce soit lors de ces r\u00e9unions, ou bien, de mani\u00e8re plus informelle,\u00a0lors d\u2019entretiens avec les repr\u00e9sentants des \u00ab Ressources Humaines \u00bb ou les responsables hi\u00e9rarchiques des Directions. Ils peuvent ainsi d\u00e9fendre les int\u00e9r\u00eats d\u2019un salari\u00e9 qui en fait la demande, et plus g\u00e9n\u00e9ralement de l\u2019ensemble des salari\u00e9s, dans le respect du cadre l\u00e9gal et conventionnel qui s\u2019applique \u00e0 nous.<\/p>\n<p>Vincent David,<br \/>\nD\u00e9l\u00e9gu\u00e9 Syndical Central CFE-CGC de l\u2019ASNR<\/p>\n","protected":false},"excerpt":{"rendered":"<p>Je vous souhaite la bienvenue sur le site intranet de la section CFE-CGC de l\u2019ASNR. Vous trouverez ici, je l\u2019esp\u00e8re, beaucoup d\u2019informations utiles \u00e0 votre vie professionnelle et \u00e0 la compr\u00e9hension de la marche de l\u2019ASNR. Je tiens \u00e0 remercier pour commencer Luc Codron, notre pr\u00e9sident de section depuis plus de vingt ans qui a [&hellip;]<\/p>\n","protected":false},"author":2,"featured_media":0,"parent":99,"menu_order":10,"comment_status":"closed","ping_status":"closed","template":"","meta":{"footnotes":""},"class_list":["post-106","page","type-page","status-publish","hentry","entry"],"_links":{"self":[{"href":"https:\/\/cfecgc-irsn.fr\/index.php\/wp-json\/wp\/v2\/pages\/106","targetHints":{"allow":["GET"]}}],"collection":[{"href":"https:\/\/cfecgc-irsn.fr\/index.php\/wp-json\/wp\/v2\/pages"}],"about":[{"href":"https:\/\/cfecgc-irsn.fr\/index.php\/wp-json\/wp\/v2\/types\/page"}],"author":[{"embeddable":true,"href":"https:\/\/cfecgc-irsn.fr\/index.php\/wp-json\/wp\/v2\/users\/2"}],"replies":[{"embeddable":true,"href":"https:\/\/cfecgc-irsn.fr\/index.php\/wp-json\/wp\/v2\/comments?post=106"}],"version-history":[{"count":2,"href":"https:\/\/cfecgc-irsn.fr\/index.php\/wp-json\/wp\/v2\/pages\/106\/revisions"}],"predecessor-version":[{"id":6186,"href":"https:\/\/cfecgc-irsn.fr\/index.php\/wp-json\/wp\/v2\/pages\/106\/revisions\/6186"}],"up":[{"embeddable":true,"href":"https:\/\/cfecgc-irsn.fr\/index.php\/wp-json\/wp\/v2\/pages\/99"}],"wp:attachment":[{"href":"https:\/\/cfecgc-irsn.fr\/index.php\/wp-json\/wp\/v2\/media?parent=106"}],"curies":[{"name":"wp","href":"https:\/\/api.w.org\/{rel}","templated":true}]}}